{"id":14186,"date":"2021-02-11T10:51:44","date_gmt":"2021-02-11T10:51:44","guid":{"rendered":"http:\/\/dentalmagmar.es\/?page_id=14186"},"modified":"2021-02-11T10:54:30","modified_gmt":"2021-02-11T10:54:30","slug":"financiacion","status":"publish","type":"page","link":"https:\/\/dentalmagmar.es\/fr\/financement","title":{"rendered":"Financement"},"content":{"rendered":"<p>[vc_row][vc_column][vc_empty_space height=\u00bb62px\u00bb][vc_column_text]<\/p>\n<h3><strong>Des prix comp\u00e9titifs \u00e0 port\u00e9e de main<\/strong><\/h3>\n<dl>\n<dd>Financement confortable, rapide et personnalis\u00e9.<\/dd>\n<dd>Le client qui souhaite financer son traitement, nous pr\u00e9sente la documentation n\u00e9cessaire, nous traitons le financement en m\u00eame temps et confirmons en 48 heures.<\/dd>\n<dd>De 3 \u00e0 48 mois.<\/dd>\n<\/dl>\n<section>\n<header>\n<h3>Documentation<\/h3>\n<\/header>\n<dl>\n<dd>Pour\u00a0<b>travailleurs employ\u00e9s<\/b>: DNI.<\/dd>\n<dd>Pour\u00a0<b>travailleur ind\u00e9pendant<\/b>: NIF \/ IRPF (mod\u00e8le 100) \/ Dernier trimestre mod\u00e8le 130\/131 \/ Dernier versement des ind\u00e9pendants \u00e0 la s\u00e9curit\u00e9 sociale \/ Photocopie de la carte bancaire.<\/dd>\n<\/dl>\n<header>\n<h3>Exemple de financement<\/h3>\n<\/header>\n<dl>\n<dd>1000 \u20ac pour 48 mois 27,80 \u20ac par mois.<\/dd>\n<dd>2500 \u20ac pour 48 mois 69,50 \u20ac par mois.<\/dd>\n<dd>5000 \u20ac pour 48 mois 139,00 \u20ac par mois.<\/dd>\n<\/dl>\n<p>Pour plus d&#39;informations sur le financement,\u00a0<a title=\"Contactez-nous\" href=\"https:\/\/dentalmagmar.es\/fr\/contact\">Contactez-nous<\/a>.<\/p>\n<\/section>\n<section>\n<header>\n<h2>Qu&#39;on offre<\/h2>\n<\/header>\n<dl>\n<dd>\u00abEn cure\u00bb<\/dd>\n<dt><b><i>Tout inclus<\/i><\/b><\/dt>\n<dd>\u2022 Diagnostic.<\/dd>\n<dd>\u2022 Traitement.<\/dd>\n<dd>\u2022 Consultations et revues.<\/dd>\n<\/dl>\n<p>Sous r\u00e9serve de l&#39;approbation de nos entit\u00e9s collaboratrices: Kutxabank et La Caixa.<\/p>\n<\/section>\n<p>[\/vc_column_text][\/vc_column][\/vc_row]<\/p>","protected":false},"excerpt":{"rendered":"<p>[vc_row][vc_column][vc_empty_space height=\u00bb62px\u00bb][vc_column_text] Precios competitivos al alcance de tu bolsillo Financiaci\u00f3n c\u00f3moda, r\u00e1pida y a tu medida. El cliente que quiere financiar su tratamiento, nos presenta la documentaci\u00f3n necesaria, tramitamos la financiaci\u00f3n en el mismo momento y confirmamos en 48horas. Desde 3 hasta 48 meses. Documentaci\u00f3n Para\u00a0trabajadores por cuenta ajena: DNI. Para\u00a0trabajadores aut\u00f3nomos: NIF \/ IRPF [&hellip;]<\/p>","protected":false},"author":1,"featured_media":0,"parent":0,"menu_order":0,"comment_status":"closed","ping_status":"closed","template":"","meta":[],"yst_prominent_words":[387],"acf":[],"_links":{"self":[{"href":"https:\/\/dentalmagmar.es\/fr\/wp-json\/wp\/v2\/pages\/14186"}],"collection":[{"href":"https:\/\/dentalmagmar.es\/fr\/wp-json\/wp\/v2\/pages"}],"about":[{"href":"https:\/\/dentalmagmar.es\/fr\/wp-json\/wp\/v2\/types\/page"}],"author":[{"embeddable":true,"href":"https:\/\/dentalmagmar.es\/fr\/wp-json\/wp\/v2\/users\/1"}],"replies":[{"embeddable":true,"href":"https:\/\/dentalmagmar.es\/fr\/wp-json\/wp\/v2\/comments?post=14186"}],"version-history":[{"count":3,"href":"https:\/\/dentalmagmar.es\/fr\/wp-json\/wp\/v2\/pages\/14186\/revisions"}],"predecessor-version":[{"id":14191,"href":"https:\/\/dentalmagmar.es\/fr\/wp-json\/wp\/v2\/pages\/14186\/revisions\/14191"}],"wp:attachment":[{"href":"https:\/\/dentalmagmar.es\/fr\/wp-json\/wp\/v2\/media?parent=14186"}],"wp:term":[{"taxonomy":"yst_prominent_words","embeddable":true,"href":"https:\/\/dentalmagmar.es\/fr\/wp-json\/wp\/v2\/yst_prominent_words?post=14186"}],"curies":[{"name":"wp","href":"https:\/\/api.w.org\/{rel}","templated":true}]}}