{"id":12549,"date":"2020-03-30T01:12:15","date_gmt":"2020-03-30T01:12:15","guid":{"rendered":"https:\/\/soto.mbdcenter.com\/politica-de-cookies\/"},"modified":"2020-08-10T01:16:33","modified_gmt":"2020-08-10T01:16:33","slug":"politica-de-cookies","status":"publish","type":"page","link":"https:\/\/dentalmagmar.es\/fr\/politique-de-cookies","title":{"rendered":"Politique de cookies"},"content":{"rendered":"<h2>POLITIQUE DE COOKIES<\/h2>\n<div id=\"clickdatos\">\n<p>Sur le Web <a target=\"_blank\" rel=\"nofollow noopener noreferrer\" href=\"https:\/\/dentalmagmar.es\/fr\/\">http:\/\/dentalmagmar.es<\/a> (ci-apr\u00e8s, le site Web), nous utilisons des cookies pour faciliter la relation des visiteurs \u00e0 notre contenu et pour nous permettre de compiler des statistiques sur les visiteurs que nous recevons.<\/p>\n<p>Nous vous informons que nous pouvons utiliser des cookies afin de faciliter votre navigation sur le site Web, vous distinguer des autres utilisateurs, vous offrir une meilleure exp\u00e9rience dans son utilisation et identifier les probl\u00e8mes pour am\u00e9liorer notre site Web.<\/p>\n<p><strong>Que sont les cookies?<\/strong><br \/>Les cookies sont de petits fichiers qui sont enregistr\u00e9s dans le navigateur utilis\u00e9 par chaque visiteur de notre site Web afin que le serveur puisse se souvenir de la visite de cet utilisateur plus tard lorsqu&#39;il acc\u00e9dera \u00e0 nouveau \u00e0 notre contenu. Ces informations ne r\u00e9v\u00e8lent pas votre identit\u00e9, ni aucune donn\u00e9e personnelle, ni n&#39;acc\u00e8dent au contenu stock\u00e9 sur votre PC, mais elles permettent \u00e0 notre syst\u00e8me de vous identifier en tant qu&#39;utilisateur sp\u00e9cifique qui a d\u00e9j\u00e0 visit\u00e9 le Web, consult\u00e9 certaines pages, etc. et vous permet \u00e9galement d&#39;enregistrer vos pr\u00e9f\u00e9rences personnelles et vos informations techniques.<\/p>\n<p>Conform\u00e9ment \u00e0 la Directive 2009\/136 \/ CE, d\u00e9velopp\u00e9e dans notre ordre par la deuxi\u00e8me section de l&#39;article 22 de la LSSI, suivant les directives de l&#39;AEPD, nous proc\u00e9dons \u00e0 vous informer en d\u00e9tail de l&#39;utilisation qui est faite sur notre site Internet.<\/p>\n<p>Ensuite, une classification des cookies est effectu\u00e9e selon une s\u00e9rie de cat\u00e9gories. Cependant, il est n\u00e9cessaire de tenir compte du fait que le m\u00eame cookie peut \u00eatre inclus dans plusieurs cat\u00e9gories.<\/p>\n<div><strong>Types de cookies selon l&#39;entit\u00e9 qui les g\u00e8re<\/strong><\/p>\n<ul>\n<li>Cookies propres: ce sont ceux qui sont envoy\u00e9s \u00e0 l&#39;\u00e9quipement terminal de l&#39;utilisateur \u00e0 partir d&#39;un ordinateur ou d&#39;un domaine g\u00e9r\u00e9 par l&#39;\u00e9diteur lui-m\u00eame.<\/li>\n<li>Cookies tiers: ce sont ceux qui sont envoy\u00e9s \u00e0 l&#39;\u00e9quipement terminal de l&#39;utilisateur \u00e0 partir d&#39;un ordinateur ou d&#39;un domaine qui n&#39;est pas g\u00e9r\u00e9 par l&#39;\u00e9diteur, mais par une autre entit\u00e9 qui traite les donn\u00e9es.<\/li>\n<\/ul>\n<div><strong>Types de cookies en fonction de la p\u00e9riode de temps pendant laquelle ils restent actifs<\/strong><\/p>\n<ul>\n<li>Cookies de session: il s&#39;agit d&#39;un type de cookie con\u00e7u pour collecter et stocker des donn\u00e9es pendant que l&#39;utilisateur acc\u00e8de \u00e0 une page Web.<\/li>\n<li>Cookies persistants: il s&#39;agit d&#39;un type de cookie dans lequel les donn\u00e9es sont toujours stock\u00e9es dans le terminal et peuvent \u00eatre consult\u00e9es et trait\u00e9es pendant une p\u00e9riode d\u00e9finie par la personne responsable du cookie, et qui peut aller de quelques minutes \u00e0 plusieurs ann\u00e9es.<\/li>\n<\/ul>\n<\/div>\n<\/div>\n<div><strong>Types de cookies en fonction de leur objectif<\/strong><\/p>\n<ul>\n<li>Cookies techniques: ceux qui permettent \u00e0 l&#39;utilisateur de naviguer sur une page Web, une plate-forme ou une application et l&#39;utilisation des diff\u00e9rentes options ou services qui y existent.<\/li>\n<li>Cookies de personnalisation: ce sont ceux qui permettent \u00e0 l&#39;utilisateur d&#39;acc\u00e9der au service avec certaines caract\u00e9ristiques g\u00e9n\u00e9rales pr\u00e9d\u00e9finies bas\u00e9es sur une s\u00e9rie de crit\u00e8res dans le terminal de l&#39;utilisateur.<\/li>\n<li>Cookies publicitaires: ce sont ceux qui permettent la gestion, de la mani\u00e8re la plus efficace possible, des espaces publicitaires que, le cas \u00e9ch\u00e9ant, l&#39;\u00e9diteur a inclus sur une page web.<\/li>\n<li>Cookies publicitaires comportementaux: ce sont ceux qui permettent la gestion, de la mani\u00e8re la plus efficace possible, des espaces publicitaires que, le cas \u00e9ch\u00e9ant, l&#39;\u00e9diteur a int\u00e9gr\u00e9s sur une page web. Ces cookies stockent des informations sur le comportement des utilisateurs obtenues gr\u00e2ce \u00e0 l&#39;observation continue de leurs habitudes de navigation, permettant le d\u00e9veloppement d&#39;un profil sp\u00e9cifique pour afficher des publicit\u00e9s bas\u00e9es sur celui-ci.<\/li>\n<li>Cookies d&#39;analyse: ce sont ceux qui permettent \u00e0 la personne qui en est responsable de surveiller et d&#39;analyser le comportement des utilisateurs des sites Web auxquels ils sont li\u00e9s. Les informations collect\u00e9es via ce type de cookies sont utilis\u00e9es dans la mesure de l&#39;activit\u00e9 des sites Internet, afin d&#39;introduire des am\u00e9liorations bas\u00e9es sur l&#39;analyse des donn\u00e9es d&#39;utilisation effectu\u00e9es par les utilisateurs du service.<\/li>\n<\/ul>\n<\/div>\n<p>Actuellement, la plupart des navigateurs sont configur\u00e9s par d\u00e9faut pour bloquer l&#39;installation de cookies publicitaires ou tiers sur votre ordinateur. L&#39;utilisateur peut \u00e9tendre les restrictions d&#39;origine, en emp\u00eachant l&#39;entr\u00e9e de tout type de cookie, ou \u00e9liminer ces restrictions, en acceptant l&#39;entr\u00e9e de tout type de cookies. Si vous \u00eates int\u00e9ress\u00e9 \u00e0 admettre des cookies publicitaires ou tiers, vous pouvez configurer votre navigateur \u00e0 cet effet.<\/p>\n<p>L&#39;acceptation faite par l&#39;utilisateur, en cliquant sur le bouton <strong>ACCEPTER<\/strong> indiqu\u00e9 dans les informations initiales sur les cookies, implique que vous consentez express\u00e9ment \u00e0 ce que la personne responsable de leur utilisation puisse exercer vos droits et r\u00e9voquer votre consentement \u00e0 tout moment, via une demande \u00e0 Cl\u00ednica Doctor Omid.<\/p>\n<p>Ci-dessous, nous vous informons en d\u00e9tail de tous les cookies qui pourraient \u00eatre install\u00e9s \u00e0 partir de notre site Web. En fonction de votre navigation, des param\u00e8tres de votre navigateur et de leur acceptation ou rejet, tout ou partie d&#39;entre eux peuvent \u00eatre install\u00e9s.<br \/>\n&nbsp;<\/p>\n<div id=\"listadodecookies\">\n<table style=\"border: 1px solid black;\">\n<tr align=\"center\">\n<td style=\"border: 1px solid black;\">nom<\/td>\n<td style=\"border: 1px solid black;\">Cat\u00e9gorie<\/td>\n<td style=\"border: 1px solid black;\">La description<\/td>\n<td style=\"border: 1px solid black;\">Propri\u00e9t\u00e9<\/td>\n<td style=\"border: 1px solid black;\">Dur\u00e9e<\/td>\n<\/tr>\n<tr align=\"center\" id=\"PHPSESSID\">\n<td style=\"border: 1px solid black;\">PHPSESSID<\/td>\n<td style=\"border: 1px solid black;\">Fonctionnalit\u00e9<\/td>\n<td style=\"border: 1px solid black;\"> Ce cookie est utilis\u00e9 par le langage de cryptage PHP pour permettre l&#39;enregistrement des variables de session sur le serveur Web.<\/td>\n<td style=\"border: 1px solid black;\">Poss\u00e9der<\/td>\n<td style=\"border: 1px solid black;\">Fin de session<\/td>\n<\/tr>\n<tr align=\"center\" id=\"\">\n<td style=\"border: 1px solid black;\"><\/td>\n<td style=\"border: 1px solid black;\"><\/td>\n<td style=\"border: 1px solid black;\"> <\/td>\n<td style=\"border: 1px solid black;\"><\/td>\n<td style=\"border: 1px solid black;\"><\/td>\n<\/tr>\n<tr align=\"center\" id=\"\">\n<td style=\"border: 1px solid black;\"><\/td>\n<td style=\"border: 1px solid black;\"><\/td>\n<td style=\"border: 1px solid black;\"> <\/td>\n<td style=\"border: 1px solid black;\"><\/td>\n<td style=\"border: 1px solid black;\"><\/td>\n<\/tr>\n<tr align=\"center\" id=\"\">\n<td style=\"border: 1px solid black;\"><\/td>\n<td style=\"border: 1px solid black;\"><\/td>\n<td style=\"border: 1px solid black;\"> <\/td>\n<td style=\"border: 1px solid black;\"><\/td>\n<td style=\"border: 1px solid black;\"><\/td>\n<\/tr>\n<tr align=\"center\" id=\"wp-settings-\">\n<td style=\"border: 1px solid black;\">wp-settings-<\/td>\n<td style=\"border: 1px solid black;\">Fonctionnalit\u00e9<\/td>\n<td style=\"border: 1px solid black;\"> Il est utilis\u00e9 pour personnaliser l&#39;interface utilisateur.<\/td>\n<td style=\"border: 1px solid black;\">Poss\u00e9der<\/td>\n<td style=\"border: 1px solid black;\">1 ann\u00e9e<\/td>\n<\/tr>\n<tr align=\"center\" id=\"wp-settings-time-\">\n<td style=\"border: 1px solid black;\">wp-settings-time-<\/td>\n<td style=\"border: 1px solid black;\">Fonctionnalit\u00e9<\/td>\n<td style=\"border: 1px solid black;\"> Il est utilis\u00e9 pour personnaliser l&#39;interface utilisateur.<\/td>\n<td style=\"border: 1px solid black;\">Poss\u00e9der<\/td>\n<td style=\"border: 1px solid black;\">Fin de session<\/td>\n<\/tr>\n<tr align=\"center\" id=\"fr\">\n<td style=\"border: 1px solid black;\">fr<\/td>\n<td style=\"border: 1px solid black;\">Une analyse<\/td>\n<td style=\"border: 1px solid black;\"> Cookie pour mesurer les campagnes Facebook.<\/td>\n<td style=\"border: 1px solid black;\">Tiers<\/td>\n<td style=\"border: 1px solid black;\">3 mois<\/td>\n<\/tr>\n<tr align=\"center\" id=\"catAccCookies\">\n<td style=\"border: 1px solid black;\">catAccCookies<\/td>\n<td style=\"border: 1px solid black;\">Fonctionnalit\u00e9<\/td>\n<td style=\"border: 1px solid black;\"> Il contient un code pour v\u00e9rifier que la politique de cookies a \u00e9t\u00e9 accept\u00e9e.<\/td>\n<td style=\"border: 1px solid black;\">Poss\u00e9der<\/td>\n<td style=\"border: 1px solid black;\">1 jour<\/td>\n<\/tr>\n<tr align=\"center\" id=\"wpfront-notification-bar-landingpage\">\n<td style=\"border: 1px solid black;\">wpfront-notification-bar-landingpage<\/td>\n<td style=\"border: 1px solid black;\">Fonctionnalit\u00e9<\/td>\n<td style=\"border: 1px solid black;\"> Nous ne connaissons pas l&#39;origine du cookie<\/td>\n<td style=\"border: 1px solid black;\">Tiers<\/td>\n<td style=\"border: 1px solid black;\">Nous ne connaissons pas l&#39;origine du cookie<\/td>\n<\/tr>\n<tr align=\"center\" id=\"tk_ai\">\n<td style=\"border: 1px solid black;\">tk_ai<\/td>\n<td style=\"border: 1px solid black;\">Fonctionnalit\u00e9<\/td>\n<td style=\"border: 1px solid black;\"> Nous ne connaissons pas l&#39;origine du cookie<\/td>\n<td style=\"border: 1px solid black;\">Tiers<\/td>\n<td style=\"border: 1px solid black;\">Nous ne connaissons pas l&#39;origine du cookie<\/td>\n<\/tr>\n<tr align=\"center\" id=\"cookie_notice_accepted\">\n<td style=\"border: 1px solid black;\">cookie_notice_accepted<\/td>\n<td style=\"border: 1px solid black;\">Fonctionnalit\u00e9<\/td>\n<td style=\"border: 1px solid black;\"> Nous ne connaissons pas l&#39;origine du cookie<\/td>\n<td style=\"border: 1px solid black;\">Tiers<\/td>\n<td style=\"border: 1px solid black;\">Nous ne connaissons pas l&#39;origine du cookie<\/td>\n<\/tr>\n<tr align=\"center\" id=\"cookieformulariosin\">\n<td style=\"border: 1px solid black;\">cookieformulariosin<\/td>\n<td style=\"border: 1px solid black;\">Fonctionnalit\u00e9<\/td>\n<td style=\"border: 1px solid black;\"> Nous ne connaissons pas l&#39;origine du cookie<\/td>\n<td style=\"border: 1px solid black;\">Tiers<\/td>\n<td style=\"border: 1px solid black;\">Nous ne connaissons pas l&#39;origine du cookie<\/td>\n<\/tr>\n<tr align=\"center\" id=\"cookieweb\">\n<td style=\"border: 1px solid black;\">cookieweb<\/td>\n<td style=\"border: 1px solid black;\">Fonctionnalit\u00e9<\/td>\n<td style=\"border: 1px solid black;\"> Nous ne connaissons pas l&#39;origine du cookie<\/td>\n<td style=\"border: 1px solid black;\">Tiers<\/td>\n<td style=\"border: 1px solid black;\">Nous ne connaissons pas l&#39;origine du cookie<\/td>\n<\/tr>\n<tr align=\"center\" id=\"mp_a36067b00a263cce0299cfd960e26ecf_mixpanel\">\n<td style=\"border: 1px solid black;\">mp_a36067b00a263cce0299cfd960e26ecf_mixpanel<\/td>\n<td style=\"border: 1px solid black;\">Fonctionnalit\u00e9<\/td>\n<td style=\"border: 1px solid black;\"> Nous ne connaissons pas l&#39;origine du cookie<\/td>\n<td style=\"border: 1px solid black;\">Tiers<\/td>\n<td style=\"border: 1px solid black;\">Nous ne connaissons pas l&#39;origine du cookie<\/td>\n<\/tr>\n<\/table>\n<\/div>\n<p>Nous pouvons mettre \u00e0 jour la politique de cookies de notre site Web, c&#39;est pourquoi nous vous recommandons de consulter cette politique chaque fois que vous acc\u00e9dez \u00e0 notre site Web afin d&#39;\u00eatre correctement inform\u00e9 sur la fa\u00e7on et la raison pour laquelle nous utilisons les cookies.<\/p>\n<p>Si vous ne souhaitez pas que les cookies soient stock\u00e9s dans votre navigateur ou pr\u00e9f\u00e9rez recevoir des informations \u00e0 chaque fois qu&#39;un cookie demande \u00e0 \u00eatre install\u00e9, vous pouvez configurer vos options de navigation de mani\u00e8re \u00e0 ce que cela se fasse de cette mani\u00e8re. La plupart des navigateurs permettent la gestion des cookies de 3 mani\u00e8res diff\u00e9rentes:<\/p>\n<ul>\n<li>Les cookies sont toujours rejet\u00e9s;<\/li>\n<li>Le navigateur demande si l&#39;utilisateur souhaite installer chaque cookie;<\/li>\n<li>Les cookies sont toujours accept\u00e9s;<\/li>\n<\/ul>\n<p>Votre navigateur peut \u00e9galement inclure la possibilit\u00e9 de s\u00e9lectionner en d\u00e9tail les cookies que vous souhaitez installer sur votre ordinateur. Plus pr\u00e9cis\u00e9ment, l&#39;utilisateur peut normalement accepter l&#39;une des options suivantes:<\/p>\n<ul>\n<li>Refuser les cookies de certains domaines;<\/li>\n<li>Refuser les cookies tiers;<\/li>\n<li>Acceptez les cookies comme non persistants (ils sont supprim\u00e9s lorsque le navigateur est ferm\u00e9);<\/li>\n<li>Autorisez le serveur \u00e0 cr\u00e9er des cookies pour un domaine diff\u00e9rent.<\/li>\n<\/ul>\n<p>Pour autoriser, conna\u00eetre, bloquer ou \u00e9liminer les cookies install\u00e9s sur votre ordinateur, vous pouvez le faire en configurant les options du navigateur install\u00e9 sur votre ordinateur.<\/p>\n<p>Vous pouvez trouver des informations sur la configuration des navigateurs les plus utilis\u00e9s dans les emplacements suivants:<\/p>\n<ul>\n<li><strong>Internet Explorer<\/strong>: Outils -&gt; Options Internet -&gt; Confidentialit\u00e9 -&gt; Configuration. Pour plus d&#39;informations, vous pouvez consulter le\u00a0<a target=\"_blank\" rel=\"nofollow noopener noreferrer\" href=\"http:\/\/windows.microsoft.com\/es-ES\/windows\/support\">support microsoft<\/a>\u00a0ou l&#39;aide du navigateur.<\/li>\n<li><strong>Firefox<\/strong>: Outils -&gt; Options -&gt; Confidentialit\u00e9 -&gt; Historique -&gt; Configuration personnalis\u00e9e. Pour plus d&#39;informations, vous pouvez consulter le\u00a0<a target=\"_blank\" rel=\"noopener noreferrer\">support mozilla<\/a>\u00a0ou l&#39;aide du navigateur.<\/li>\n<li><strong>Chrome<\/strong>: Configuration -&gt; Afficher les options avanc\u00e9es -&gt; Confidentialit\u00e9 -&gt; Configuration du contenu. Pour plus d&#39;informations, vous pouvez consulter le\u00a0<a target=\"_blank\" rel=\"noopener noreferrer\">support google<\/a>\u00a0ou l&#39;aide du navigateur.<\/li>\n<li><strong>Safari<\/strong>: Pr\u00e9f\u00e9rences -&gt; S\u00e9curit\u00e9. Pour plus d&#39;informations, vous pouvez consulter le\u00a0<a target=\"_blank\" rel=\"noopener noreferrer\">support Apple<\/a>\u00a0ou l&#39;aide du navigateur.<\/li>\n<\/ul>\n<\/div>","protected":false},"excerpt":{"rendered":"<p>POL\u00cdTICA DE COOKIES En la web http:\/\/dentalmagmar.es (en adelante, el Sitio Web) utilizamos cookies para facilitar la relaci\u00f3n de los visitantes con nuestro contenido y para permitir elaborar estad\u00edsticas sobre las visitantes que recibimos. Le informamos que podemos utilizar cookies con la finalidad de facilitar su navegaci\u00f3n a trav\u00e9s del Sitio Web, distinguirle de otros [&hellip;]<\/p>","protected":false},"author":1,"featured_media":0,"parent":0,"menu_order":0,"comment_status":"closed","ping_status":"closed","template":"","meta":[],"yst_prominent_words":[],"acf":[],"_links":{"self":[{"href":"https:\/\/dentalmagmar.es\/fr\/wp-json\/wp\/v2\/pages\/12549"}],"collection":[{"href":"https:\/\/dentalmagmar.es\/fr\/wp-json\/wp\/v2\/pages"}],"about":[{"href":"https:\/\/dentalmagmar.es\/fr\/wp-json\/wp\/v2\/types\/page"}],"author":[{"embeddable":true,"href":"https:\/\/dentalmagmar.es\/fr\/wp-json\/wp\/v2\/users\/1"}],"replies":[{"embeddable":true,"href":"https:\/\/dentalmagmar.es\/fr\/wp-json\/wp\/v2\/comments?post=12549"}],"version-history":[{"count":0,"href":"https:\/\/dentalmagmar.es\/fr\/wp-json\/wp\/v2\/pages\/12549\/revisions"}],"wp:attachment":[{"href":"https:\/\/dentalmagmar.es\/fr\/wp-json\/wp\/v2\/media?parent=12549"}],"wp:term":[{"taxonomy":"yst_prominent_words","embeddable":true,"href":"https:\/\/dentalmagmar.es\/fr\/wp-json\/wp\/v2\/yst_prominent_words?post=12549"}],"curies":[{"name":"wp","href":"https:\/\/api.w.org\/{rel}","templated":true}]}}