{"id":14186,"date":"2021-02-11T10:51:44","date_gmt":"2021-02-11T10:51:44","guid":{"rendered":"http:\/\/dentalmagmar.es\/?page_id=14186"},"modified":"2021-02-11T10:54:30","modified_gmt":"2021-02-11T10:54:30","slug":"financiacion","status":"publish","type":"page","link":"https:\/\/dentalmagmar.es\/eu\/finantzaketa-2","title":{"rendered":"Finantzaketa"},"content":{"rendered":"<p>[vc_row][vc_column][vc_empty_space height=\u00bb62px\u00bb][vc_column_text]<\/p>\n<h3><strong>Prezio lehiakorrak zure poltsikora eskura<\/strong><\/h3>\n<dl>\n<dd>Finantzaketa erosoa, azkarra eta pertsonalizatua.<\/dd>\n<dd>Bere tratamendua finantzatu nahi duen bezeroak, beharrezko dokumentazioa aurkezten digu, finantzaketa aldi berean prozesatzen dugu eta 48 ordutan baieztatzen dugu.<\/dd>\n<dd>3 eta 48 hilabete artean.<\/dd>\n<\/dl>\n<section>\n<header>\n<h3>Dokumentazioa<\/h3>\n<\/header>\n<dl>\n<dd>For\u00a0<b>langile okupatuak<\/b>: NAN.<\/dd>\n<dd>For\u00a0<b>autonomoak<\/b>: IFZ \/ IRPF (100 eredua) \/ Azken hiruhileko 130\/131 eredua \/ Autonomoen azken ordainketa gizarte segurantzari \/ Banku txartelaren fotokopia.<\/dd>\n<\/dl>\n<header>\n<h3>Finantzaketa adibidea<\/h3>\n<\/header>\n<dl>\n<dd>1.000 \u20ac 48 hilabetetan 27,80 \u20ac hilean.<\/dd>\n<dd>2.500 \u20ac 48 hilabetetan 69,50 \u20ac hilean.<\/dd>\n<dd>5.000 \u20ac 48 hilabetetan 139,00 \u20ac hilean.<\/dd>\n<\/dl>\n<p>Finantzaketari buruzko informazio gehiago lortzeko,\u00a0<a title=\"Jarri gurekin harremanetan\" href=\"https:\/\/dentalmagmar.es\/eu\/harremanetarako\">Jarri gurekin harremanetan<\/a>.<\/p>\n<\/section>\n<section>\n<header>\n<h2>Eskaintzen duguna<\/h2>\n<\/header>\n<dl>\n<dd>\u00abTratamenduetan\u00bb<\/dd>\n<dt><b><i>Dena barnean<\/i><\/b><\/dt>\n<dd>\u2022 Diagnostikoa.<\/dd>\n<dd>\u2022 Tratamendua.<\/dd>\n<dd>\u2022 Kontsultak eta berrikuspenak.<\/dd>\n<\/dl>\n<p>Gure Erakunde Laguntzaileek onartutakoaren arabera: Kutxabank eta La Caixa.<\/p>\n<\/section>\n<p>[\/vc_column_text][\/vc_column][\/vc_row]<\/p>","protected":false},"excerpt":{"rendered":"<p>[vc_row][vc_column][vc_empty_space height=\u00bb62px\u00bb][vc_column_text] Precios competitivos al alcance de tu bolsillo Financiaci\u00f3n c\u00f3moda, r\u00e1pida y a tu medida. El cliente que quiere financiar su tratamiento, nos presenta la documentaci\u00f3n necesaria, tramitamos la financiaci\u00f3n en el mismo momento y confirmamos en 48horas. Desde 3 hasta 48 meses. Documentaci\u00f3n Para\u00a0trabajadores por cuenta ajena: DNI. Para\u00a0trabajadores aut\u00f3nomos: NIF \/ IRPF [&hellip;]<\/p>","protected":false},"author":1,"featured_media":0,"parent":0,"menu_order":0,"comment_status":"closed","ping_status":"closed","template":"","meta":[],"yst_prominent_words":[387],"acf":[],"_links":{"self":[{"href":"https:\/\/dentalmagmar.es\/eu\/wp-json\/wp\/v2\/pages\/14186"}],"collection":[{"href":"https:\/\/dentalmagmar.es\/eu\/wp-json\/wp\/v2\/pages"}],"about":[{"href":"https:\/\/dentalmagmar.es\/eu\/wp-json\/wp\/v2\/types\/page"}],"author":[{"embeddable":true,"href":"https:\/\/dentalmagmar.es\/eu\/wp-json\/wp\/v2\/users\/1"}],"replies":[{"embeddable":true,"href":"https:\/\/dentalmagmar.es\/eu\/wp-json\/wp\/v2\/comments?post=14186"}],"version-history":[{"count":3,"href":"https:\/\/dentalmagmar.es\/eu\/wp-json\/wp\/v2\/pages\/14186\/revisions"}],"predecessor-version":[{"id":14191,"href":"https:\/\/dentalmagmar.es\/eu\/wp-json\/wp\/v2\/pages\/14186\/revisions\/14191"}],"wp:attachment":[{"href":"https:\/\/dentalmagmar.es\/eu\/wp-json\/wp\/v2\/media?parent=14186"}],"wp:term":[{"taxonomy":"yst_prominent_words","embeddable":true,"href":"https:\/\/dentalmagmar.es\/eu\/wp-json\/wp\/v2\/yst_prominent_words?post=14186"}],"curies":[{"name":"wp","href":"https:\/\/api.w.org\/{rel}","templated":true}]}}