{"id":14186,"date":"2021-02-11T10:51:44","date_gmt":"2021-02-11T10:51:44","guid":{"rendered":"http:\/\/dentalmagmar.es\/?page_id=14186"},"modified":"2021-02-11T10:54:30","modified_gmt":"2021-02-11T10:54:30","slug":"financiacion","status":"publish","type":"page","link":"https:\/\/dentalmagmar.es\/en\/financing-2","title":{"rendered":"Financing"},"content":{"rendered":"<p>[vc_row][vc_column][vc_empty_space height=\u00bb62px\u00bb][vc_column_text]<\/p>\n<h3><strong>Competitive prices at your fingertips<\/strong><\/h3>\n<dl>\n<dd>Comfortable, fast and tailor-made financing.<\/dd>\n<dd>The client who wants to finance his treatment, presents us with the necessary documentation, we process the financing at the same time and confirm in 48 hours.<\/dd>\n<dd>From 3 to 48 months.<\/dd>\n<\/dl>\n<section>\n<header>\n<h3>Documentation<\/h3>\n<\/header>\n<dl>\n<dd>For\u00a0<b>employed workers<\/b>: DNI.<\/dd>\n<dd>For\u00a0<b>self-employed<\/b>: NIF \/ IRPF (model 100) \/ Last quarter model 130\/131 \/ Last payment of the self-employed to social security \/ Photocopy of the bank card.<\/dd>\n<\/dl>\n<header>\n<h3>Financing example<\/h3>\n<\/header>\n<dl>\n<dd>\u20ac 1,000 for 48 months \u20ac 27.80 per month.<\/dd>\n<dd>\u20ac 2,500 for 48 months \u20ac 69.50 per month.<\/dd>\n<dd>\u20ac 5,000 for 48 months \u20ac 139.00 per month.<\/dd>\n<\/dl>\n<p>For more information on financing,\u00a0<a title=\"Contact us\" href=\"https:\/\/dentalmagmar.es\/en\/contact\">Contact us<\/a>.<\/p>\n<\/section>\n<section>\n<header>\n<h2>What we offer<\/h2>\n<\/header>\n<dl>\n<dd>\u00abIn Treatments\u00bb<\/dd>\n<dt><b><i>All inclusive<\/i><\/b><\/dt>\n<dd>\u2022 Diagnosis.<\/dd>\n<dd>\u2022 Treatment.<\/dd>\n<dd>\u2022 Consultations and reviews.<\/dd>\n<\/dl>\n<p>Subject to approval by our Collaborating Entities: Kutxabank and La Caixa.<\/p>\n<\/section>\n<p>[\/vc_column_text][\/vc_column][\/vc_row]<\/p>","protected":false},"excerpt":{"rendered":"<p>[vc_row][vc_column][vc_empty_space height=\u00bb62px\u00bb][vc_column_text] Precios competitivos al alcance de tu bolsillo Financiaci\u00f3n c\u00f3moda, r\u00e1pida y a tu medida. El cliente que quiere financiar su tratamiento, nos presenta la documentaci\u00f3n necesaria, tramitamos la financiaci\u00f3n en el mismo momento y confirmamos en 48horas. Desde 3 hasta 48 meses. Documentaci\u00f3n Para\u00a0trabajadores por cuenta ajena: DNI. Para\u00a0trabajadores aut\u00f3nomos: NIF \/ IRPF [&hellip;]<\/p>","protected":false},"author":1,"featured_media":0,"parent":0,"menu_order":0,"comment_status":"closed","ping_status":"closed","template":"","meta":[],"yst_prominent_words":[387],"acf":[],"_links":{"self":[{"href":"https:\/\/dentalmagmar.es\/en\/wp-json\/wp\/v2\/pages\/14186"}],"collection":[{"href":"https:\/\/dentalmagmar.es\/en\/wp-json\/wp\/v2\/pages"}],"about":[{"href":"https:\/\/dentalmagmar.es\/en\/wp-json\/wp\/v2\/types\/page"}],"author":[{"embeddable":true,"href":"https:\/\/dentalmagmar.es\/en\/wp-json\/wp\/v2\/users\/1"}],"replies":[{"embeddable":true,"href":"https:\/\/dentalmagmar.es\/en\/wp-json\/wp\/v2\/comments?post=14186"}],"version-history":[{"count":3,"href":"https:\/\/dentalmagmar.es\/en\/wp-json\/wp\/v2\/pages\/14186\/revisions"}],"predecessor-version":[{"id":14191,"href":"https:\/\/dentalmagmar.es\/en\/wp-json\/wp\/v2\/pages\/14186\/revisions\/14191"}],"wp:attachment":[{"href":"https:\/\/dentalmagmar.es\/en\/wp-json\/wp\/v2\/media?parent=14186"}],"wp:term":[{"taxonomy":"yst_prominent_words","embeddable":true,"href":"https:\/\/dentalmagmar.es\/en\/wp-json\/wp\/v2\/yst_prominent_words?post=14186"}],"curies":[{"name":"wp","href":"https:\/\/api.w.org\/{rel}","templated":true}]}}