{"id":14186,"date":"2021-02-11T10:51:44","date_gmt":"2021-02-11T10:51:44","guid":{"rendered":"http:\/\/dentalmagmar.es\/?page_id=14186"},"modified":"2021-02-11T10:54:30","modified_gmt":"2021-02-11T10:54:30","slug":"financiacion","status":"publish","type":"page","link":"https:\/\/dentalmagmar.es\/ca\/financament","title":{"rendered":"finan\u00e7ament"},"content":{"rendered":"<p>[vc_row][vc_column][vc_empty_space height=\u00bb62px\u00bb][vc_column_text]<\/p>\n<h3><strong>Preus competitius a l&#39;abast de la teva butxaca<\/strong><\/h3>\n<dl>\n<dd>Finan\u00e7ament c\u00f2moda, r\u00e0pida ia mida.<\/dd>\n<dd>El client que vol finan\u00e7ar el seu tractament, ens presenta la documentaci\u00f3 necess\u00e0ria, tramitem el finan\u00e7ament en el mateix moment i confirmem en 48 hores.<\/dd>\n<dd>Des de 3 fins a 48 mesos.<\/dd>\n<\/dl>\n<section>\n<header>\n<h3>documentaci\u00f3<\/h3>\n<\/header>\n<dl>\n<dd>per\u00a0<b>treballadors per compte d&#39;altri<\/b>: DNI.<\/dd>\n<dd>per\u00a0<b>treballadors aut\u00f2noms<\/b>: NIF \/ IRPF (model 100) \/ Darrer trimestre model 130\/131 \/ Darrer pagament d&#39;aut\u00f2noms a la Seguretat Social \/ Fotoc\u00f2pia de la cartilla banc\u00e0ria.<\/dd>\n<\/dl>\n<header>\n<h3>Exemple de finan\u00e7ament<\/h3>\n<\/header>\n<dl>\n<dd>1.000 \u20ac a 48 mesos 27,80 \u20ac mensuals.<\/dd>\n<dd>2.500 \u20ac a 48 mesos 69,50 \u20ac mensuals.<\/dd>\n<dd>5.000 \u20ac a 48 mesos 139,00 \u20ac mensuals.<\/dd>\n<\/dl>\n<p>Per a m\u00e9s informaci\u00f3 sobre finan\u00e7ament,\u00a0<a title=\"contacta amb nosaltres\" href=\"https:\/\/dentalmagmar.es\/ca\/contacte\">contacta amb nosaltres<\/a>.<\/p>\n<\/section>\n<section>\n<header>\n<h2>Qu\u00e8 Oferim<\/h2>\n<\/header>\n<dl>\n<dd>\u00abEn Tractaments\u00bb<\/dd>\n<dt><b><i>tot Incl\u00f2s<\/i><\/b><\/dt>\n<dd>\u2022 Diagn\u00f2stic.<\/dd>\n<dd>\u2022 Tractament.<\/dd>\n<dd>\u2022 Consultes i revisions.<\/dd>\n<\/dl>\n<p>Subjecte a Aprovaci\u00f3 per les nostres Entitats Col\u00b7laboradors: Kutxabank i La Caixa.<\/p>\n<\/section>\n<p>[\/vc_column_text][\/vc_column][\/vc_row]<\/p>","protected":false},"excerpt":{"rendered":"<p>[vc_row][vc_column][vc_empty_space height=\u00bb62px\u00bb][vc_column_text] Precios competitivos al alcance de tu bolsillo Financiaci\u00f3n c\u00f3moda, r\u00e1pida y a tu medida. El cliente que quiere financiar su tratamiento, nos presenta la documentaci\u00f3n necesaria, tramitamos la financiaci\u00f3n en el mismo momento y confirmamos en 48horas. Desde 3 hasta 48 meses. Documentaci\u00f3n Para\u00a0trabajadores por cuenta ajena: DNI. Para\u00a0trabajadores aut\u00f3nomos: NIF \/ IRPF [&hellip;]<\/p>","protected":false},"author":1,"featured_media":0,"parent":0,"menu_order":0,"comment_status":"closed","ping_status":"closed","template":"","meta":[],"yst_prominent_words":[387],"acf":[],"_links":{"self":[{"href":"https:\/\/dentalmagmar.es\/ca\/wp-json\/wp\/v2\/pages\/14186"}],"collection":[{"href":"https:\/\/dentalmagmar.es\/ca\/wp-json\/wp\/v2\/pages"}],"about":[{"href":"https:\/\/dentalmagmar.es\/ca\/wp-json\/wp\/v2\/types\/page"}],"author":[{"embeddable":true,"href":"https:\/\/dentalmagmar.es\/ca\/wp-json\/wp\/v2\/users\/1"}],"replies":[{"embeddable":true,"href":"https:\/\/dentalmagmar.es\/ca\/wp-json\/wp\/v2\/comments?post=14186"}],"version-history":[{"count":3,"href":"https:\/\/dentalmagmar.es\/ca\/wp-json\/wp\/v2\/pages\/14186\/revisions"}],"predecessor-version":[{"id":14191,"href":"https:\/\/dentalmagmar.es\/ca\/wp-json\/wp\/v2\/pages\/14186\/revisions\/14191"}],"wp:attachment":[{"href":"https:\/\/dentalmagmar.es\/ca\/wp-json\/wp\/v2\/media?parent=14186"}],"wp:term":[{"taxonomy":"yst_prominent_words","embeddable":true,"href":"https:\/\/dentalmagmar.es\/ca\/wp-json\/wp\/v2\/yst_prominent_words?post=14186"}],"curies":[{"name":"wp","href":"https:\/\/api.w.org\/{rel}","templated":true}]}}